{"id":24,"date":"2025-12-23T08:41:14","date_gmt":"2025-12-23T08:41:14","guid":{"rendered":"https:\/\/asesoriabercedo.rkinformatika.online\/?page_id=24"},"modified":"2025-12-23T10:06:34","modified_gmt":"2025-12-23T10:06:34","slug":"servicios","status":"publish","type":"page","link":"https:\/\/asesoriabercedo.com\/eu\/servicios\/","title":{"rendered":"Zerbitzuak"},"content":{"rendered":"<div data-elementor-type=\"wp-page\" data-elementor-id=\"24\" class=\"elementor elementor-24\" data-elementor-post-type=\"page\">\n\t\t\t\t<div class=\"elementor-element elementor-element-ab245a7 e-flex e-con-boxed e-con e-parent\" data-id=\"ab245a7\" data-element_type=\"container\" data-e-type=\"container\" data-settings=\"{&quot;background_background&quot;:&quot;classic&quot;}\">\n\t\t\t\t\t<div class=\"e-con-inner\">\n\t\t\t\t<div class=\"elementor-element elementor-element-7932eba elementor-invisible elementor-widget elementor-widget-heading\" data-id=\"7932eba\" data-element_type=\"widget\" data-e-type=\"widget\" data-settings=\"{&quot;_animation&quot;:&quot;fadeIn&quot;}\" data-widget_type=\"heading.default\">\n\t\t\t\t\t<h2 class=\"elementor-heading-title elementor-size-default\">Descubre nuestros servicios y haz crecer tu negocio con seguridad.<\/h2>\t\t\t\t<\/div>\n\t\t\t\t\t<\/div>\n\t\t\t\t<\/div>\n\t\t<div class=\"elementor-element elementor-element-cd76bbf e-flex e-con-boxed e-con e-parent\" data-id=\"cd76bbf\" data-element_type=\"container\" data-e-type=\"container\" data-settings=\"{&quot;background_background&quot;:&quot;classic&quot;}\">\n\t\t\t\t\t<div class=\"e-con-inner\">\n\t\t\t\t<div class=\"elementor-element elementor-element-fd52141 elementor-widget elementor-widget-text-editor\" data-id=\"fd52141\" data-element_type=\"widget\" data-e-type=\"widget\" data-widget_type=\"text-editor.default\">\n\t\t\t\t\t\t\t\t\t<p>Soluciones laborales, fiscales y contables en un solo lugar.<\/p>\t\t\t\t\t\t\t\t<\/div>\n\t\t\t\t\t<\/div>\n\t\t\t\t<\/div>\n\t\t<div class=\"elementor-element elementor-element-39bd6a3 e-flex e-con-boxed e-con e-parent\" data-id=\"39bd6a3\" data-element_type=\"container\" data-e-type=\"container\" data-settings=\"{&quot;background_background&quot;:&quot;classic&quot;}\">\n\t\t\t\t\t<div class=\"e-con-inner\">\n\t\t<div class=\"elementor-element elementor-element-9fcbfdb e-con-full e-flex e-con e-child\" data-id=\"9fcbfdb\" data-element_type=\"container\" data-e-type=\"container\">\n\t\t\t\t<div class=\"elementor-element elementor-element-72d951a elementor-widget elementor-widget-heading\" data-id=\"72d951a\" data-element_type=\"widget\" data-e-type=\"widget\" data-widget_type=\"heading.default\">\n\t\t\t\t\t<h2 class=\"elementor-heading-title elementor-size-default\">Asesor\u00eda Laboral<\/h2>\t\t\t\t<\/div>\n\t\t\t\t<div class=\"elementor-element elementor-element-6e614f0 elementor-widget elementor-widget-text-editor\" data-id=\"6e614f0\" data-element_type=\"widget\" data-e-type=\"widget\" data-widget_type=\"text-editor.default\">\n\t\t\t\t\t\t\t\t\t<p>Gestionamos todo lo relacionado con el \u00e1mbito laboral para que cumplas con la normativa vigente y mantengas una relaci\u00f3n laboral segura y eficiente. Nos ocupamos de contratos, n\u00f3minas y asesoramiento continuo.<\/p>\t\t\t\t\t\t\t\t<\/div>\n\t\t\t\t<\/div>\n\t\t\t\t\t<\/div>\n\t\t\t\t<\/div>\n\t\t<div class=\"elementor-element elementor-element-1ddad52 e-flex e-con-boxed e-con e-parent\" data-id=\"1ddad52\" data-element_type=\"container\" data-e-type=\"container\" data-settings=\"{&quot;background_background&quot;:&quot;classic&quot;}\">\n\t\t\t\t\t<div class=\"e-con-inner\">\n\t\t<div class=\"elementor-element elementor-element-c2711cc e-con-full e-flex e-con e-child\" data-id=\"c2711cc\" data-element_type=\"container\" data-e-type=\"container\">\n\t\t\t\t<div class=\"elementor-element elementor-element-0987239 elementor-widget elementor-widget-heading\" data-id=\"0987239\" data-element_type=\"widget\" data-e-type=\"widget\" data-widget_type=\"heading.default\">\n\t\t\t\t\t<h2 class=\"elementor-heading-title elementor-size-default\">Asesor\u00eda Fiscal<\/h2>\t\t\t\t<\/div>\n\t\t\t\t<div class=\"elementor-element elementor-element-eb6b5c8 elementor-widget elementor-widget-text-editor\" data-id=\"eb6b5c8\" data-element_type=\"widget\" data-e-type=\"widget\" data-widget_type=\"text-editor.default\">\n\t\t\t\t\t\t\t\t\t<p>Optimizamos tu carga fiscal y garantizamos el cumplimiento de tus obligaciones tributarias. Te asesoramos para tomar decisiones fiscales inteligentes y evitar riesgos innecesarios.<\/p>\t\t\t\t\t\t\t\t<\/div>\n\t\t\t\t<\/div>\n\t\t\t\t\t<\/div>\n\t\t\t\t<\/div>\n\t\t<div class=\"elementor-element elementor-element-4a89b03 e-flex e-con-boxed e-con e-parent\" data-id=\"4a89b03\" data-element_type=\"container\" data-e-type=\"container\" data-settings=\"{&quot;background_background&quot;:&quot;classic&quot;}\">\n\t\t\t\t\t<div class=\"e-con-inner\">\n\t\t<div class=\"elementor-element elementor-element-5931fe5 e-con-full e-flex e-con e-child\" data-id=\"5931fe5\" data-element_type=\"container\" data-e-type=\"container\">\n\t\t\t\t<div class=\"elementor-element elementor-element-8ed6e93 elementor-widget elementor-widget-heading\" data-id=\"8ed6e93\" data-element_type=\"widget\" data-e-type=\"widget\" data-widget_type=\"heading.default\">\n\t\t\t\t\t<h2 class=\"elementor-heading-title elementor-size-default\">Asesor\u00eda Contable<\/h2>\t\t\t\t<\/div>\n\t\t\t\t<div class=\"elementor-element elementor-element-6e19f37 elementor-widget elementor-widget-text-editor\" data-id=\"6e19f37\" data-element_type=\"widget\" data-e-type=\"widget\" data-widget_type=\"text-editor.default\">\n\t\t\t\t\t\t\t\t\t<p>Llevamos el control contable de tu negocio con precisi\u00f3n y transparencia. Analizamos tus n\u00fameros para que tengas una visi\u00f3n clara y puedas tomar decisiones estrat\u00e9gicas con confianza.<\/p>\t\t\t\t\t\t\t\t<\/div>\n\t\t\t\t<\/div>\n\t\t\t\t\t<\/div>\n\t\t\t\t<\/div>\n\t\t\t\t<section class=\"elementor-section elementor-top-section elementor-element elementor-element-ad7f805 elementor-section-boxed elementor-section-height-default elementor-section-height-default\" data-id=\"ad7f805\" data-element_type=\"section\" data-e-type=\"section\" data-settings=\"{&quot;background_background&quot;:&quot;classic&quot;}\">\n\t\t\t\t\t\t\t<div class=\"elementor-background-overlay\"><\/div>\n\t\t\t\t\t\t\t<div class=\"elementor-container elementor-column-gap-no\">\n\t\t\t\t\t<div class=\"elementor-column elementor-col-100 elementor-top-column elementor-element elementor-element-705480e\" data-id=\"705480e\" data-element_type=\"column\" data-e-type=\"column\" data-settings=\"{&quot;background_background&quot;:&quot;classic&quot;}\">\n\t\t\t<div class=\"elementor-widget-wrap elementor-element-populated\">\n\t\t\t\t\t\t<div class=\"elementor-element elementor-element-e6e4f07 elementor-invisible elementor-widget elementor-widget-heading\" data-id=\"e6e4f07\" data-element_type=\"widget\" data-e-type=\"widget\" data-settings=\"{&quot;_animation&quot;:&quot;zoomIn&quot;}\" data-widget_type=\"heading.default\">\n\t\t\t\t\t<h2 class=\"elementor-heading-title elementor-size-default\">Soluciones laborales, fiscales y contables en un solo lugar.<\/h2>\t\t\t\t<\/div>\n\t\t\t\t<div class=\"elementor-element elementor-element-d5a1568 elementor-align-center elementor-invisible elementor-widget elementor-widget-button\" data-id=\"d5a1568\" data-element_type=\"widget\" data-e-type=\"widget\" data-settings=\"{&quot;_animation&quot;:&quot;zoomIn&quot;}\" data-widget_type=\"button.default\">\n\t\t\t\t\t\t\t\t\t\t<a class=\"elementor-button elementor-button-link elementor-size-sm elementor-animation-hang\" href=\"https:\/\/asesoriabercedo.com\/eu\/contacto\/\">\n\t\t\t\t\t\t<span class=\"elementor-button-content-wrapper\">\n\t\t\t\t\t\t\t\t\t<span class=\"elementor-button-text\">Cont\u00e1ctanos<\/span>\n\t\t\t\t\t<\/span>\n\t\t\t\t\t<\/a>\n\t\t\t\t\t\t\t\t<\/div>\n\t\t\t\t\t<\/div>\n\t\t<\/div>\n\t\t\t\t\t<\/div>\n\t\t<\/section>\n\t\t\t\t<\/div>","protected":false},"excerpt":{"rendered":"<p>Descubre nuestros servicios y haz crecer tu negocio con seguridad. Soluciones laborales, fiscales y contables en un solo lugar. Asesor\u00eda Laboral Gestionamos todo lo relacionado con el \u00e1mbito laboral para que cumplas con la normativa vigente y mantengas una relaci\u00f3n laboral segura y eficiente. Nos ocupamos de contratos, n\u00f3minas y asesoramiento continuo. Asesor\u00eda Fiscal Optimizamos [&hellip;]<\/p>\n","protected":false},"author":1,"featured_media":0,"parent":0,"menu_order":0,"comment_status":"closed","ping_status":"closed","template":"elementor_canvas","meta":{"footnotes":""},"class_list":["post-24","page","type-page","status-publish","hentry"],"yoast_head":"<!-- This site is optimized with the Yoast SEO plugin v27.4 - https:\/\/yoast.com\/product\/yoast-seo-wordpress\/ -->\n<title>Servicios - Asesoria Bercedo<\/title>\n<meta name=\"robots\" content=\"index, follow, max-snippet:-1, max-image-preview:large, max-video-preview:-1\" \/>\n<link rel=\"canonical\" href=\"https:\/\/asesoriabercedo.com\/eu\/servicios\/\" \/>\n<meta property=\"og:locale\" content=\"en_US\" \/>\n<meta property=\"og:type\" content=\"article\" \/>\n<meta property=\"og:title\" content=\"Servicios - Asesoria Bercedo\" \/>\n<meta property=\"og:description\" content=\"Descubre nuestros servicios y haz crecer tu negocio con seguridad. Soluciones laborales, fiscales y contables en un solo lugar. Asesor\u00eda Laboral Gestionamos todo lo relacionado con el \u00e1mbito laboral para que cumplas con la normativa vigente y mantengas una relaci\u00f3n laboral segura y eficiente. Nos ocupamos de contratos, n\u00f3minas y asesoramiento continuo. Asesor\u00eda Fiscal Optimizamos [&hellip;]\" \/>\n<meta property=\"og:url\" content=\"https:\/\/asesoriabercedo.com\/eu\/servicios\/\" \/>\n<meta property=\"og:site_name\" content=\"Asesoria Bercedo\" \/>\n<meta property=\"article:modified_time\" content=\"2025-12-23T10:06:34+00:00\" \/>\n<meta name=\"twitter:card\" content=\"summary_large_image\" \/>\n<meta name=\"twitter:label1\" content=\"Est. reading time\" \/>\n\t<meta name=\"twitter:data1\" content=\"1 minutua\" \/>\n<script type=\"application\/ld+json\" class=\"yoast-schema-graph\">{\"@context\":\"https:\\\/\\\/schema.org\",\"@graph\":[{\"@type\":\"WebPage\",\"@id\":\"https:\\\/\\\/asesoriabercedo.com\\\/servicios\\\/\",\"url\":\"https:\\\/\\\/asesoriabercedo.com\\\/servicios\\\/\",\"name\":\"Servicios - Asesoria Bercedo\",\"isPartOf\":{\"@id\":\"https:\\\/\\\/asesoriabercedo.com\\\/#website\"},\"datePublished\":\"2025-12-23T08:41:14+00:00\",\"dateModified\":\"2025-12-23T10:06:34+00:00\",\"breadcrumb\":{\"@id\":\"https:\\\/\\\/asesoriabercedo.com\\\/servicios\\\/#breadcrumb\"},\"inLanguage\":\"eu\",\"potentialAction\":[{\"@type\":\"ReadAction\",\"target\":[\"https:\\\/\\\/asesoriabercedo.com\\\/servicios\\\/\"]}]},{\"@type\":\"BreadcrumbList\",\"@id\":\"https:\\\/\\\/asesoriabercedo.com\\\/servicios\\\/#breadcrumb\",\"itemListElement\":[{\"@type\":\"ListItem\",\"position\":1,\"name\":\"Portada\",\"item\":\"https:\\\/\\\/asesoriabercedo.com\\\/\"},{\"@type\":\"ListItem\",\"position\":2,\"name\":\"Servicios\"}]},{\"@type\":\"WebSite\",\"@id\":\"https:\\\/\\\/asesoriabercedo.com\\\/#website\",\"url\":\"https:\\\/\\\/asesoriabercedo.com\\\/\",\"name\":\"Asesoria Bercedo\",\"description\":\"\",\"publisher\":{\"@id\":\"https:\\\/\\\/asesoriabercedo.com\\\/#organization\"},\"potentialAction\":[{\"@type\":\"SearchAction\",\"target\":{\"@type\":\"EntryPoint\",\"urlTemplate\":\"https:\\\/\\\/asesoriabercedo.com\\\/?s={search_term_string}\"},\"query-input\":{\"@type\":\"PropertyValueSpecification\",\"valueRequired\":true,\"valueName\":\"search_term_string\"}}],\"inLanguage\":\"eu\"},{\"@type\":\"Organization\",\"@id\":\"https:\\\/\\\/asesoriabercedo.com\\\/#organization\",\"name\":\"Asesoria Bercedo\",\"url\":\"https:\\\/\\\/asesoriabercedo.com\\\/\",\"logo\":{\"@type\":\"ImageObject\",\"inLanguage\":\"eu\",\"@id\":\"https:\\\/\\\/asesoriabercedo.com\\\/#\\\/schema\\\/logo\\\/image\\\/\",\"url\":\"https:\\\/\\\/asesoriabercedo.com\\\/wp-content\\\/uploads\\\/2025\\\/12\\\/cropped-logo-ab.png\",\"contentUrl\":\"https:\\\/\\\/asesoriabercedo.com\\\/wp-content\\\/uploads\\\/2025\\\/12\\\/cropped-logo-ab.png\",\"width\":1080,\"height\":749,\"caption\":\"Asesoria Bercedo\"},\"image\":{\"@id\":\"https:\\\/\\\/asesoriabercedo.com\\\/#\\\/schema\\\/logo\\\/image\\\/\"}}]}<\/script>\n<!-- \/ Yoast SEO plugin. -->","yoast_head_json":{"title":"Servicios - Asesoria Bercedo","robots":{"index":"index","follow":"follow","max-snippet":"max-snippet:-1","max-image-preview":"max-image-preview:large","max-video-preview":"max-video-preview:-1"},"canonical":"https:\/\/asesoriabercedo.com\/eu\/servicios\/","og_locale":"en_US","og_type":"article","og_title":"Servicios - Asesoria Bercedo","og_description":"Descubre nuestros servicios y haz crecer tu negocio con seguridad. Soluciones laborales, fiscales y contables en un solo lugar. Asesor\u00eda Laboral Gestionamos todo lo relacionado con el \u00e1mbito laboral para que cumplas con la normativa vigente y mantengas una relaci\u00f3n laboral segura y eficiente. Nos ocupamos de contratos, n\u00f3minas y asesoramiento continuo. Asesor\u00eda Fiscal Optimizamos [&hellip;]","og_url":"https:\/\/asesoriabercedo.com\/eu\/servicios\/","og_site_name":"Asesoria Bercedo","article_modified_time":"2025-12-23T10:06:34+00:00","twitter_card":"summary_large_image","twitter_misc":{"Est. reading time":"1 minutua"},"schema":{"@context":"https:\/\/schema.org","@graph":[{"@type":"WebPage","@id":"https:\/\/asesoriabercedo.com\/servicios\/","url":"https:\/\/asesoriabercedo.com\/servicios\/","name":"Servicios - Asesoria Bercedo","isPartOf":{"@id":"https:\/\/asesoriabercedo.com\/#website"},"datePublished":"2025-12-23T08:41:14+00:00","dateModified":"2025-12-23T10:06:34+00:00","breadcrumb":{"@id":"https:\/\/asesoriabercedo.com\/servicios\/#breadcrumb"},"inLanguage":"eu","potentialAction":[{"@type":"ReadAction","target":["https:\/\/asesoriabercedo.com\/servicios\/"]}]},{"@type":"BreadcrumbList","@id":"https:\/\/asesoriabercedo.com\/servicios\/#breadcrumb","itemListElement":[{"@type":"ListItem","position":1,"name":"Portada","item":"https:\/\/asesoriabercedo.com\/"},{"@type":"ListItem","position":2,"name":"Servicios"}]},{"@type":"WebSite","@id":"https:\/\/asesoriabercedo.com\/#website","url":"https:\/\/asesoriabercedo.com\/","name":"Asesoria Bercedo","description":"","publisher":{"@id":"https:\/\/asesoriabercedo.com\/#organization"},"potentialAction":[{"@type":"SearchAction","target":{"@type":"EntryPoint","urlTemplate":"https:\/\/asesoriabercedo.com\/?s={search_term_string}"},"query-input":{"@type":"PropertyValueSpecification","valueRequired":true,"valueName":"search_term_string"}}],"inLanguage":"eu"},{"@type":"Organization","@id":"https:\/\/asesoriabercedo.com\/#organization","name":"Asesoria Bercedo","url":"https:\/\/asesoriabercedo.com\/","logo":{"@type":"ImageObject","inLanguage":"eu","@id":"https:\/\/asesoriabercedo.com\/#\/schema\/logo\/image\/","url":"https:\/\/asesoriabercedo.com\/wp-content\/uploads\/2025\/12\/cropped-logo-ab.png","contentUrl":"https:\/\/asesoriabercedo.com\/wp-content\/uploads\/2025\/12\/cropped-logo-ab.png","width":1080,"height":749,"caption":"Asesoria Bercedo"},"image":{"@id":"https:\/\/asesoriabercedo.com\/#\/schema\/logo\/image\/"}}]}},"_links":{"self":[{"href":"https:\/\/asesoriabercedo.com\/eu\/wp-json\/wp\/v2\/pages\/24","targetHints":{"allow":["GET"]}}],"collection":[{"href":"https:\/\/asesoriabercedo.com\/eu\/wp-json\/wp\/v2\/pages"}],"about":[{"href":"https:\/\/asesoriabercedo.com\/eu\/wp-json\/wp\/v2\/types\/page"}],"author":[{"embeddable":true,"href":"https:\/\/asesoriabercedo.com\/eu\/wp-json\/wp\/v2\/users\/1"}],"replies":[{"embeddable":true,"href":"https:\/\/asesoriabercedo.com\/eu\/wp-json\/wp\/v2\/comments?post=24"}],"version-history":[{"count":31,"href":"https:\/\/asesoriabercedo.com\/eu\/wp-json\/wp\/v2\/pages\/24\/revisions"}],"predecessor-version":[{"id":175,"href":"https:\/\/asesoriabercedo.com\/eu\/wp-json\/wp\/v2\/pages\/24\/revisions\/175"}],"wp:attachment":[{"href":"https:\/\/asesoriabercedo.com\/eu\/wp-json\/wp\/v2\/media?parent=24"}],"curies":[{"name":"wp","href":"https:\/\/api.w.org\/{rel}","templated":true}]}}