{"id":2,"date":"2025-12-23T08:19:53","date_gmt":"2025-12-23T08:19:53","guid":{"rendered":"https:\/\/asesoriabercedo.rkinformatika.online\/?page_id=2"},"modified":"2025-12-23T10:00:19","modified_gmt":"2025-12-23T10:00:19","slug":"inicio","status":"publish","type":"page","link":"https:\/\/asesoriabercedo.com\/eu\/","title":{"rendered":"Hasiera"},"content":{"rendered":"<div data-elementor-type=\"wp-page\" data-elementor-id=\"2\" class=\"elementor elementor-2\" data-elementor-post-type=\"page\">\n\t\t\t\t<div class=\"elementor-element elementor-element-1254673 e-con-full e-flex e-con e-parent\" data-id=\"1254673\" data-element_type=\"container\" data-e-type=\"container\" data-settings=\"{&quot;background_background&quot;:&quot;classic&quot;}\">\n\t\t\t\t<div class=\"elementor-element elementor-element-61e94a1 elementor-widget__width-initial elementor-widget elementor-widget-spacer\" data-id=\"61e94a1\" data-element_type=\"widget\" data-e-type=\"widget\" data-widget_type=\"spacer.default\">\n\t\t\t\t\t\t\t<div class=\"elementor-spacer\">\n\t\t\t<div class=\"elementor-spacer-inner\"><\/div>\n\t\t<\/div>\n\t\t\t\t\t\t<\/div>\n\t\t\t\t<\/div>\n\t\t<div class=\"elementor-element elementor-element-0a813b7 e-flex e-con-boxed e-con e-parent\" data-id=\"0a813b7\" data-element_type=\"container\" data-e-type=\"container\" data-settings=\"{&quot;background_background&quot;:&quot;classic&quot;}\">\n\t\t\t\t\t<div class=\"e-con-inner\">\n\t\t<div class=\"elementor-element elementor-element-9404068 e-con-full e-flex elementor-invisible e-con e-child\" data-id=\"9404068\" data-element_type=\"container\" data-e-type=\"container\" data-settings=\"{&quot;background_background&quot;:&quot;classic&quot;,&quot;animation&quot;:&quot;fadeInRight&quot;}\">\n\t\t\t\t<div class=\"elementor-element elementor-element-1c580f0 elementor-widget__width-initial elementor-widget elementor-widget-heading\" data-id=\"1c580f0\" data-element_type=\"widget\" data-e-type=\"widget\" data-widget_type=\"heading.default\">\n\t\t\t\t\t<h2 class=\"elementor-heading-title elementor-size-default\">guri buruz: <\/h2>\t\t\t\t<\/div>\n\t\t\t\t<div class=\"elementor-element elementor-element-0410751 elementor-widget elementor-widget-text-editor\" data-id=\"0410751\" data-element_type=\"widget\" data-e-type=\"widget\" data-widget_type=\"text-editor.default\">\n\t\t\t\t\t\t\t\t\t<p>Bercedo Aholkularitzan 20 urte baino gehiagoko esperientzia dugu, enpresei, autonomoei eta profesionalei beren negozioen kudeaketan eta hazkundean laguntzen.<\/p><p>Hurbiltasunean, konfiantzan eta zorroztasun profesionalean oinarritutako lan, zerga eta kontabilitate aholkularitzako zerbitzu integrala eskaintzen dugu. Gure helburua da soluzio argiak eta eraginkorrak ematea, bezero bakoitzaren benetako beharretara egokituak, benetan garrantzitsua den horretan zentratu ahal izateko: negozioa lasaitasunez haztea.<\/p><p>Ibaigane 17an gaude, 5. departamentuan, eta bertatik konpromisoz eta erantzukizunez lan egiten dugu, enpresa erabakiak hartzeko oinarri sendoa bilakatuz.<\/p><p>Bercedo Aholkularitzan, esperientziak eta tratu pertsonalizatuak markatzen dute desberdintasuna.<\/p>\t\t\t\t\t\t\t\t<\/div>\n\t\t\t\t<\/div>\n\t\t<div class=\"elementor-element elementor-element-c0d433b e-con-full e-flex elementor-invisible e-con e-child\" data-id=\"c0d433b\" data-element_type=\"container\" data-e-type=\"container\" data-settings=\"{&quot;background_background&quot;:&quot;classic&quot;,&quot;animation&quot;:&quot;fadeInLeft&quot;}\">\n\t\t\t\t<div class=\"elementor-element elementor-element-6884e15 elementor-widget elementor-widget-image\" data-id=\"6884e15\" data-element_type=\"widget\" data-e-type=\"widget\" data-widget_type=\"image.default\">\n\t\t\t\t\t\t\t\t\t\t\t\t\t\t\t<img fetchpriority=\"high\" decoding=\"async\" width=\"1080\" height=\"1080\" src=\"https:\/\/asesoriabercedo.com\/wp-content\/uploads\/2025\/12\/imagem-2.png\" class=\"attachment-full size-full wp-image-121\" alt=\"\" srcset=\"https:\/\/asesoriabercedo.com\/wp-content\/uploads\/2025\/12\/imagem-2.png 1080w, https:\/\/asesoriabercedo.com\/wp-content\/uploads\/2025\/12\/imagem-2-300x300.png 300w, https:\/\/asesoriabercedo.com\/wp-content\/uploads\/2025\/12\/imagem-2-1024x1024.png 1024w, https:\/\/asesoriabercedo.com\/wp-content\/uploads\/2025\/12\/imagem-2-150x150.png 150w, https:\/\/asesoriabercedo.com\/wp-content\/uploads\/2025\/12\/imagem-2-768x768.png 768w, https:\/\/asesoriabercedo.com\/wp-content\/uploads\/2025\/12\/imagem-2-12x12.png 12w\" sizes=\"(max-width: 1080px) 100vw, 1080px\" \/>\t\t\t\t\t\t\t\t\t\t\t\t\t\t\t<\/div>\n\t\t\t\t<\/div>\n\t\t\t\t\t<\/div>\n\t\t\t\t<\/div>\n\t\t\t\t<section class=\"elementor-section elementor-top-section elementor-element elementor-element-c533e96 elementor-section-boxed elementor-section-height-default elementor-section-height-default\" data-id=\"c533e96\" data-element_type=\"section\" data-e-type=\"section\" data-settings=\"{&quot;background_background&quot;:&quot;classic&quot;}\">\n\t\t\t\t\t\t\t<div class=\"elementor-background-overlay\"><\/div>\n\t\t\t\t\t\t\t<div class=\"elementor-container elementor-column-gap-no\">\n\t\t\t\t\t<div class=\"elementor-column elementor-col-100 elementor-top-column elementor-element elementor-element-69c4b7f\" data-id=\"69c4b7f\" data-element_type=\"column\" data-e-type=\"column\" data-settings=\"{&quot;background_background&quot;:&quot;classic&quot;}\">\n\t\t\t<div class=\"elementor-widget-wrap elementor-element-populated\">\n\t\t\t\t\t\t<div class=\"elementor-element elementor-element-4aa191c elementor-invisible elementor-widget elementor-widget-heading\" data-id=\"4aa191c\" data-element_type=\"widget\" data-e-type=\"widget\" data-settings=\"{&quot;_animation&quot;:&quot;zoomIn&quot;}\" data-widget_type=\"heading.default\">\n\t\t\t\t\t<h2 class=\"elementor-heading-title elementor-size-default\">Irtenbide argiak eta profesionalak zure enpresarentzat. Ezagutu gaitzazu.<\/h2>\t\t\t\t<\/div>\n\t\t\t\t<div class=\"elementor-element elementor-element-16940a6 elementor-align-center elementor-invisible elementor-widget elementor-widget-button\" data-id=\"16940a6\" data-element_type=\"widget\" data-e-type=\"widget\" data-settings=\"{&quot;_animation&quot;:&quot;zoomIn&quot;}\" data-widget_type=\"button.default\">\n\t\t\t\t\t\t\t\t\t\t<a class=\"elementor-button elementor-button-link elementor-size-sm elementor-animation-hang\" href=\"https:\/\/asesoriabercedo.com\/eu\/servicios\/\">\n\t\t\t\t\t\t<span class=\"elementor-button-content-wrapper\">\n\t\t\t\t\t\t\t\t\t<span class=\"elementor-button-text\">Zerbitzuak <\/span>\n\t\t\t\t\t<\/span>\n\t\t\t\t\t<\/a>\n\t\t\t\t\t\t\t\t<\/div>\n\t\t\t\t\t<\/div>\n\t\t<\/div>\n\t\t\t\t\t<\/div>\n\t\t<\/section>\n\t\t\t\t<\/div>","protected":false},"excerpt":{"rendered":"<p>sobre nosotros: En Asesor\u00eda Bercedo contamos con m\u00e1s de 20 a\u00f1os de experiencia acompa\u00f1ando a empresas, aut\u00f3nomos y profesionales en la gesti\u00f3n y crecimiento de sus negocios. Ofrecemos un servicio integral de asesor\u00eda laboral, fiscal y contable, basado en la cercan\u00eda, la confianza y el rigor profesional. Nuestro objetivo es proporcionar soluciones claras y eficaces, [&hellip;]<\/p>\n","protected":false},"author":1,"featured_media":0,"parent":0,"menu_order":0,"comment_status":"closed","ping_status":"closed","template":"elementor_canvas","meta":{"footnotes":""},"class_list":["post-2","page","type-page","status-publish","hentry"],"yoast_head":"<!-- This site is optimized with the Yoast SEO plugin v27.4 - https:\/\/yoast.com\/product\/yoast-seo-wordpress\/ -->\n<title>Inicio - Asesoria Bercedo<\/title>\n<meta name=\"robots\" content=\"index, follow, max-snippet:-1, max-image-preview:large, max-video-preview:-1\" \/>\n<link rel=\"canonical\" href=\"https:\/\/asesoriabercedo.com\/eu\/\" \/>\n<meta property=\"og:locale\" content=\"en_US\" \/>\n<meta property=\"og:type\" content=\"article\" \/>\n<meta property=\"og:title\" content=\"Inicio - Asesoria Bercedo\" \/>\n<meta property=\"og:description\" content=\"sobre nosotros: En Asesor\u00eda Bercedo contamos con m\u00e1s de 20 a\u00f1os de experiencia acompa\u00f1ando a empresas, aut\u00f3nomos y profesionales en la gesti\u00f3n y crecimiento de sus negocios. Ofrecemos un servicio integral de asesor\u00eda laboral, fiscal y contable, basado en la cercan\u00eda, la confianza y el rigor profesional. Nuestro objetivo es proporcionar soluciones claras y eficaces, [&hellip;]\" \/>\n<meta property=\"og:url\" content=\"https:\/\/asesoriabercedo.com\/eu\/\" \/>\n<meta property=\"og:site_name\" content=\"Asesoria Bercedo\" \/>\n<meta property=\"article:modified_time\" content=\"2025-12-23T10:00:19+00:00\" \/>\n<meta property=\"og:image\" content=\"https:\/\/asesoriabercedo.com\/wp-content\/uploads\/2025\/12\/imagem-2.png\" \/>\n\t<meta property=\"og:image:width\" content=\"1080\" \/>\n\t<meta property=\"og:image:height\" content=\"1080\" \/>\n\t<meta property=\"og:image:type\" content=\"image\/png\" \/>\n<meta name=\"twitter:card\" content=\"summary_large_image\" \/>\n<meta name=\"twitter:label1\" content=\"Est. reading time\" \/>\n\t<meta name=\"twitter:data1\" content=\"1 minutua\" \/>\n<script type=\"application\/ld+json\" class=\"yoast-schema-graph\">{\"@context\":\"https:\\\/\\\/schema.org\",\"@graph\":[{\"@type\":\"WebPage\",\"@id\":\"https:\\\/\\\/asesoriabercedo.com\\\/\",\"url\":\"https:\\\/\\\/asesoriabercedo.com\\\/\",\"name\":\"Inicio - Asesoria Bercedo\",\"isPartOf\":{\"@id\":\"https:\\\/\\\/asesoriabercedo.com\\\/#website\"},\"primaryImageOfPage\":{\"@id\":\"https:\\\/\\\/asesoriabercedo.com\\\/#primaryimage\"},\"image\":{\"@id\":\"https:\\\/\\\/asesoriabercedo.com\\\/#primaryimage\"},\"thumbnailUrl\":\"https:\\\/\\\/asesoriabercedo.com\\\/wp-content\\\/uploads\\\/2025\\\/12\\\/imagem-2.png\",\"datePublished\":\"2025-12-23T08:19:53+00:00\",\"dateModified\":\"2025-12-23T10:00:19+00:00\",\"breadcrumb\":{\"@id\":\"https:\\\/\\\/asesoriabercedo.com\\\/#breadcrumb\"},\"inLanguage\":\"eu\",\"potentialAction\":[{\"@type\":\"ReadAction\",\"target\":[\"https:\\\/\\\/asesoriabercedo.com\\\/\"]}]},{\"@type\":\"ImageObject\",\"inLanguage\":\"eu\",\"@id\":\"https:\\\/\\\/asesoriabercedo.com\\\/#primaryimage\",\"url\":\"https:\\\/\\\/asesoriabercedo.com\\\/wp-content\\\/uploads\\\/2025\\\/12\\\/imagem-2.png\",\"contentUrl\":\"https:\\\/\\\/asesoriabercedo.com\\\/wp-content\\\/uploads\\\/2025\\\/12\\\/imagem-2.png\"},{\"@type\":\"BreadcrumbList\",\"@id\":\"https:\\\/\\\/asesoriabercedo.com\\\/#breadcrumb\",\"itemListElement\":[{\"@type\":\"ListItem\",\"position\":1,\"name\":\"Portada\",\"item\":\"https:\\\/\\\/asesoriabercedo.com\\\/\"},{\"@type\":\"ListItem\",\"position\":2,\"name\":\"Inicio\"}]},{\"@type\":\"WebSite\",\"@id\":\"https:\\\/\\\/asesoriabercedo.com\\\/#website\",\"url\":\"https:\\\/\\\/asesoriabercedo.com\\\/\",\"name\":\"Asesoria Bercedo\",\"description\":\"\",\"publisher\":{\"@id\":\"https:\\\/\\\/asesoriabercedo.com\\\/#organization\"},\"potentialAction\":[{\"@type\":\"SearchAction\",\"target\":{\"@type\":\"EntryPoint\",\"urlTemplate\":\"https:\\\/\\\/asesoriabercedo.com\\\/?s={search_term_string}\"},\"query-input\":{\"@type\":\"PropertyValueSpecification\",\"valueRequired\":true,\"valueName\":\"search_term_string\"}}],\"inLanguage\":\"eu\"},{\"@type\":\"Organization\",\"@id\":\"https:\\\/\\\/asesoriabercedo.com\\\/#organization\",\"name\":\"Asesoria Bercedo\",\"url\":\"https:\\\/\\\/asesoriabercedo.com\\\/\",\"logo\":{\"@type\":\"ImageObject\",\"inLanguage\":\"eu\",\"@id\":\"https:\\\/\\\/asesoriabercedo.com\\\/#\\\/schema\\\/logo\\\/image\\\/\",\"url\":\"https:\\\/\\\/asesoriabercedo.com\\\/wp-content\\\/uploads\\\/2025\\\/12\\\/cropped-logo-ab.png\",\"contentUrl\":\"https:\\\/\\\/asesoriabercedo.com\\\/wp-content\\\/uploads\\\/2025\\\/12\\\/cropped-logo-ab.png\",\"width\":1080,\"height\":749,\"caption\":\"Asesoria Bercedo\"},\"image\":{\"@id\":\"https:\\\/\\\/asesoriabercedo.com\\\/#\\\/schema\\\/logo\\\/image\\\/\"}}]}<\/script>\n<!-- \/ Yoast SEO plugin. -->","yoast_head_json":{"title":"Inicio - Asesoria Bercedo","robots":{"index":"index","follow":"follow","max-snippet":"max-snippet:-1","max-image-preview":"max-image-preview:large","max-video-preview":"max-video-preview:-1"},"canonical":"https:\/\/asesoriabercedo.com\/eu\/","og_locale":"en_US","og_type":"article","og_title":"Inicio - Asesoria Bercedo","og_description":"sobre nosotros: En Asesor\u00eda Bercedo contamos con m\u00e1s de 20 a\u00f1os de experiencia acompa\u00f1ando a empresas, aut\u00f3nomos y profesionales en la gesti\u00f3n y crecimiento de sus negocios. Ofrecemos un servicio integral de asesor\u00eda laboral, fiscal y contable, basado en la cercan\u00eda, la confianza y el rigor profesional. Nuestro objetivo es proporcionar soluciones claras y eficaces, [&hellip;]","og_url":"https:\/\/asesoriabercedo.com\/eu\/","og_site_name":"Asesoria Bercedo","article_modified_time":"2025-12-23T10:00:19+00:00","og_image":[{"width":1080,"height":1080,"url":"https:\/\/asesoriabercedo.com\/wp-content\/uploads\/2025\/12\/imagem-2.png","type":"image\/png"}],"twitter_card":"summary_large_image","twitter_misc":{"Est. reading time":"1 minutua"},"schema":{"@context":"https:\/\/schema.org","@graph":[{"@type":"WebPage","@id":"https:\/\/asesoriabercedo.com\/","url":"https:\/\/asesoriabercedo.com\/","name":"Inicio - Asesoria Bercedo","isPartOf":{"@id":"https:\/\/asesoriabercedo.com\/#website"},"primaryImageOfPage":{"@id":"https:\/\/asesoriabercedo.com\/#primaryimage"},"image":{"@id":"https:\/\/asesoriabercedo.com\/#primaryimage"},"thumbnailUrl":"https:\/\/asesoriabercedo.com\/wp-content\/uploads\/2025\/12\/imagem-2.png","datePublished":"2025-12-23T08:19:53+00:00","dateModified":"2025-12-23T10:00:19+00:00","breadcrumb":{"@id":"https:\/\/asesoriabercedo.com\/#breadcrumb"},"inLanguage":"eu","potentialAction":[{"@type":"ReadAction","target":["https:\/\/asesoriabercedo.com\/"]}]},{"@type":"ImageObject","inLanguage":"eu","@id":"https:\/\/asesoriabercedo.com\/#primaryimage","url":"https:\/\/asesoriabercedo.com\/wp-content\/uploads\/2025\/12\/imagem-2.png","contentUrl":"https:\/\/asesoriabercedo.com\/wp-content\/uploads\/2025\/12\/imagem-2.png"},{"@type":"BreadcrumbList","@id":"https:\/\/asesoriabercedo.com\/#breadcrumb","itemListElement":[{"@type":"ListItem","position":1,"name":"Portada","item":"https:\/\/asesoriabercedo.com\/"},{"@type":"ListItem","position":2,"name":"Inicio"}]},{"@type":"WebSite","@id":"https:\/\/asesoriabercedo.com\/#website","url":"https:\/\/asesoriabercedo.com\/","name":"Asesoria Bercedo","description":"","publisher":{"@id":"https:\/\/asesoriabercedo.com\/#organization"},"potentialAction":[{"@type":"SearchAction","target":{"@type":"EntryPoint","urlTemplate":"https:\/\/asesoriabercedo.com\/?s={search_term_string}"},"query-input":{"@type":"PropertyValueSpecification","valueRequired":true,"valueName":"search_term_string"}}],"inLanguage":"eu"},{"@type":"Organization","@id":"https:\/\/asesoriabercedo.com\/#organization","name":"Asesoria Bercedo","url":"https:\/\/asesoriabercedo.com\/","logo":{"@type":"ImageObject","inLanguage":"eu","@id":"https:\/\/asesoriabercedo.com\/#\/schema\/logo\/image\/","url":"https:\/\/asesoriabercedo.com\/wp-content\/uploads\/2025\/12\/cropped-logo-ab.png","contentUrl":"https:\/\/asesoriabercedo.com\/wp-content\/uploads\/2025\/12\/cropped-logo-ab.png","width":1080,"height":749,"caption":"Asesoria Bercedo"},"image":{"@id":"https:\/\/asesoriabercedo.com\/#\/schema\/logo\/image\/"}}]}},"_links":{"self":[{"href":"https:\/\/asesoriabercedo.com\/eu\/wp-json\/wp\/v2\/pages\/2","targetHints":{"allow":["GET"]}}],"collection":[{"href":"https:\/\/asesoriabercedo.com\/eu\/wp-json\/wp\/v2\/pages"}],"about":[{"href":"https:\/\/asesoriabercedo.com\/eu\/wp-json\/wp\/v2\/types\/page"}],"author":[{"embeddable":true,"href":"https:\/\/asesoriabercedo.com\/eu\/wp-json\/wp\/v2\/users\/1"}],"replies":[{"embeddable":true,"href":"https:\/\/asesoriabercedo.com\/eu\/wp-json\/wp\/v2\/comments?post=2"}],"version-history":[{"count":34,"href":"https:\/\/asesoriabercedo.com\/eu\/wp-json\/wp\/v2\/pages\/2\/revisions"}],"predecessor-version":[{"id":156,"href":"https:\/\/asesoriabercedo.com\/eu\/wp-json\/wp\/v2\/pages\/2\/revisions\/156"}],"wp:attachment":[{"href":"https:\/\/asesoriabercedo.com\/eu\/wp-json\/wp\/v2\/media?parent=2"}],"curies":[{"name":"wp","href":"https:\/\/api.w.org\/{rel}","templated":true}]}}